{"id":69,"date":"2015-07-23T19:42:02","date_gmt":"2015-07-23T19:42:02","guid":{"rendered":"https:\/\/metinhaliyikama.net\/?page_id=69"},"modified":"2015-07-23T20:40:01","modified_gmt":"2015-07-23T20:40:01","slug":"stor-perde-yikama","status":"publish","type":"page","link":"https:\/\/metinhaliyikama.net\/index.php\/stor-perde-yikama\/","title":{"rendered":"STOR PERDE YIKAMA"},"content":{"rendered":"<p><img loading=\"lazy\" decoding=\"async\" data-attachment-id=\"70\" data-permalink=\"https:\/\/metinhaliyikama.net\/index.php\/stor-perde-yikama\/stor-perde-temizligi\/\" data-orig-file=\"https:\/\/metinhaliyikama.net\/wp-content\/uploads\/2015\/07\/STOR-PERDE-TEM\u0130ZL\u0130\u011e\u0130.jpg\" data-orig-size=\"1114,888\" data-comments-opened=\"1\" data-image-meta=\"{&quot;aperture&quot;:&quot;0&quot;,&quot;credit&quot;:&quot;rens van mierlo&quot;,&quot;camera&quot;:&quot;&quot;,&quot;caption&quot;:&quot;&quot;,&quot;created_timestamp&quot;:&quot;0&quot;,&quot;copyright&quot;:&quot;&quot;,&quot;focal_length&quot;:&quot;0&quot;,&quot;iso&quot;:&quot;0&quot;,&quot;shutter_speed&quot;:&quot;0&quot;,&quot;title&quot;:&quot;&quot;,&quot;orientation&quot;:&quot;1&quot;}\" data-image-title=\"STOR PERDE TEM\u0130ZL\u0130\u011e\u0130\" data-image-description=\"\" data-medium-file=\"https:\/\/metinhaliyikama.net\/wp-content\/uploads\/2015\/07\/STOR-PERDE-TEM\u0130ZL\u0130\u011e\u0130.jpg\" data-large-file=\"https:\/\/metinhaliyikama.net\/wp-content\/uploads\/2015\/07\/STOR-PERDE-TEM\u0130ZL\u0130\u011e\u0130.jpg\" class=\"alignleft size-full wp-image-70\" src=\"https:\/\/metinhaliyikama.net\/wp-content\/uploads\/2015\/07\/STOR-PERDE-TEM\u0130ZL\u0130\u011e\u0130.jpg\" alt=\"STOR PERDE TEM\u0130ZL\u0130\u011e\u0130\" width=\"1114\" height=\"888\" \/>Metin Hal\u0131 Y\u0131kama Olarak; Stor perde , Zebra Perde g\u00fcn\u00fcm\u00fczde bayanlar\u0131n en \u00e7ok tercih ettikleri perdelerin ba\u015f\u0131nda gelmektedir. Ev dekorasyonunda b\u00fcy\u00fck \u00f6nem ta\u015f\u0131yan perdenin eve modern bir hava katmas\u0131 istenir. Stor perde de bu \u015f\u0131kl\u0131\u011f\u0131 fazlas\u0131yla vermektedir.<\/p>\n<p>&nbsp;<\/p>\n<p>\u00c7ok \u00e7e\u015fitli kuma\u015f t\u00fcrleri kullan\u0131lsa da genellikle polyester iplikten \u00fcretilmektedir. Bu \u00fcr\u00fcnlerde apre denilen \u00f6zel bir uygulama yap\u0131l\u0131r. Bu i\u015flemin yap\u0131lmas\u0131n\u0131n nedeni\u00a0 dayan\u0131kl\u0131l\u0131\u011f\u0131n\u0131n artmas\u0131n\u0131n sa\u011flanmas\u0131 ve \u00e7ok sert olmayan, plastik hissi veren bir durum yaratmas\u0131n\u0131 sa\u011flamakt\u0131r. Bu uygulama sayesinde zebra stor perdelerin g\u00fcne\u015f \u0131\u015f\u0131nlar\u0131na ve kire kar\u015f\u0131 dayan\u0131kl\u0131l\u0131\u011f\u0131 artar. Bu durumda ki\u015fiye konfor ve kullan\u0131m kolayl\u0131\u011f\u0131 sa\u011flar.<\/p>\n<p>Bunlar\u0131n temizlenmesinde birka\u00e7 tane farkl\u0131 teknik kullan\u0131lmaktad\u0131r. Bu tekniklerden en \u00e7ok tercih edileni \u00fczerindeki tozunun al\u0131narak temizlenmesidir. Yaln\u0131z bu y\u00f6ntemin ba\u015far\u0131l\u0131 olmas\u0131 i\u00e7in bu i\u015flemin s\u0131k aral\u0131klar ile yap\u0131lmas\u0131 gerekmektedir. Di\u011fer bir y\u00f6ntem ise stor perdelerin yerinden s\u00f6k\u00fclerek d\u00fcz bir zemin \u00fczerine katlama yapmadan serilmesidir. E\u011fer katlama yaparsan\u0131z apre ile kapl\u0131 olan yerler k\u0131r\u0131lacakt\u0131r ve stor perdenin \u015fekli bozulacakt\u0131r. Bu i\u015flem yap\u0131ld\u0131ktan sonra stor perde \u0131l\u0131k su, s\u00fcnger ve deterjan ile y\u0131kan\u0131r. Her iki tarafta bol k\u00f6p\u00fckl\u00fc su ile y\u0131kand\u0131ktan sonra stor perde durulan\u0131r. Kuruma i\u015fleminden sonra perde yerine tak\u0131l\u0131r.<\/p>\n<p>Perde y\u0131kama uzmanl\u0131k isteyen bir aland\u0131r. Evde yap\u0131lacak bir y\u0131kama istenilen sonucu vermeyebilir. Bunun i\u00e7in hem zamandan hem de ekonomik olarak tasarruf etmek istiyorsan\u0131z bu i\u015fi uzman\u0131na yapt\u0131rman\u0131z gerekmektedir. \u00d6zel \u015fampuanlar ve temiz su ile gerekli \u015fekilde y\u0131kan\u0131r ve kurutulur. Teslimat zaman\u0131nda \u00f6zel olarak paketlenerek size teslim edilir. Herhangi bir hasar veya leke olay\u0131 olmaz.<\/p>\n<p>&nbsp;<\/p>\n","protected":false},"excerpt":{"rendered":"<p>Metin Hal\u0131 Y\u0131kama Olarak; Stor perde , Zebra Perde g\u00fcn\u00fcm\u00fczde bayanlar\u0131n en \u00e7ok tercih ettikleri perdelerin ba\u015f\u0131nda gelmektedir. Ev dekorasyonunda b\u00fcy\u00fck \u00f6nem ta\u015f\u0131yan perdenin eve modern bir hava katmas\u0131 istenir. Stor perde de bu \u015f\u0131kl\u0131\u011f\u0131 fazlas\u0131yla vermektedir. &nbsp; \u00c7ok \u00e7e\u015fitli kuma\u015f t\u00fcrleri kullan\u0131lsa da genellikle polyester iplikten \u00fcretilmektedir. Bu \u00fcr\u00fcnlerde apre denilen \u00f6zel bir uygulama30<\/p>\n","protected":false},"author":1,"featured_media":0,"parent":0,"menu_order":0,"comment_status":"closed","ping_status":"closed","template":"page-fullwidth.php","meta":{"spay_email":"","footnotes":""},"class_list":["post-69","page","type-page","status-publish","hentry"],"_links":{"self":[{"href":"https:\/\/metinhaliyikama.net\/index.php\/wp-json\/wp\/v2\/pages\/69","targetHints":{"allow":["GET"]}}],"collection":[{"href":"https:\/\/metinhaliyikama.net\/index.php\/wp-json\/wp\/v2\/pages"}],"about":[{"href":"https:\/\/metinhaliyikama.net\/index.php\/wp-json\/wp\/v2\/types\/page"}],"author":[{"embeddable":true,"href":"https:\/\/metinhaliyikama.net\/index.php\/wp-json\/wp\/v2\/users\/1"}],"replies":[{"embeddable":true,"href":"https:\/\/metinhaliyikama.net\/index.php\/wp-json\/wp\/v2\/comments?post=69"}],"version-history":[{"count":1,"href":"https:\/\/metinhaliyikama.net\/index.php\/wp-json\/wp\/v2\/pages\/69\/revisions"}],"predecessor-version":[{"id":72,"href":"https:\/\/metinhaliyikama.net\/index.php\/wp-json\/wp\/v2\/pages\/69\/revisions\/72"}],"wp:attachment":[{"href":"https:\/\/metinhaliyikama.net\/index.php\/wp-json\/wp\/v2\/media?parent=69"}],"curies":[{"name":"wp","href":"https:\/\/api.w.org\/{rel}","templated":true}]}}