{"id":5,"date":"2015-07-21T21:55:26","date_gmt":"2015-07-21T21:55:26","guid":{"rendered":"https:\/\/metinhaliyikama.net\/?page_id=5"},"modified":"2015-07-22T19:46:58","modified_gmt":"2015-07-22T19:46:58","slug":"hakkimizda","status":"publish","type":"page","link":"https:\/\/metinhaliyikama.net\/index.php\/hakkimizda\/","title":{"rendered":"HAKKIMIZDA"},"content":{"rendered":"<p><img loading=\"lazy\" decoding=\"async\" data-attachment-id=\"32\" data-permalink=\"https:\/\/metinhaliyikama.net\/index.php\/hakkimizda\/arabalar\/\" data-orig-file=\"https:\/\/metinhaliyikama.net\/wp-content\/uploads\/2015\/07\/arabalar.jpg\" data-orig-size=\"1363,521\" data-comments-opened=\"1\" data-image-meta=\"{&quot;aperture&quot;:&quot;0&quot;,&quot;credit&quot;:&quot;&quot;,&quot;camera&quot;:&quot;Avea inTouch 4&quot;,&quot;caption&quot;:&quot;&quot;,&quot;created_timestamp&quot;:&quot;1039348800&quot;,&quot;copyright&quot;:&quot;&quot;,&quot;focal_length&quot;:&quot;3.81&quot;,&quot;iso&quot;:&quot;100&quot;,&quot;shutter_speed&quot;:&quot;0.000709219858156&quot;,&quot;title&quot;:&quot;&quot;,&quot;orientation&quot;:&quot;0&quot;}\" data-image-title=\"arabalar\" data-image-description=\"\" data-medium-file=\"https:\/\/metinhaliyikama.net\/wp-content\/uploads\/2015\/07\/arabalar.jpg\" data-large-file=\"https:\/\/metinhaliyikama.net\/wp-content\/uploads\/2015\/07\/arabalar.jpg\" class=\" wp-image-32  alignleft\" src=\"https:\/\/metinhaliyikama.net\/wp-content\/uploads\/2015\/07\/arabalar.jpg\" alt=\"arabalar\" width=\"1091\" height=\"417\" \/>2000 y\u0131l\u0131nda Ba\u015fak\u015fehirde ba\u015flayan yolculu\u011fumuz \u00a0tam 15 y\u0131ld\u0131r hi\u00e7 durmadan ve her ge\u00e7en g\u00fcn geli\u015ferek devam ediyor. Metin Hal\u0131 Y\u0131kama olarak, 15 y\u0131l\u0131 geride b\u0131rakman\u0131n mutlulu\u011fu ve heyecan\u0131 i\u00e7indeyiz.<\/p>\n<p>15 y\u0131lda kat etti\u011fimiz yola bakt\u0131\u011f\u0131m\u0131zda, gurur verici bir tablo \u00e7\u0131k\u0131yor kar\u015f\u0131m\u0131za. Bu \u00e7at\u0131 alt\u0131nda \u00e7al\u0131\u015fan her bireyin azmi, \u00e7al\u0131\u015fma a\u015fk\u0131 ve eme\u011fiyle bug\u00fcnlere kadar gelen firmam\u0131z ge\u00e7mi\u015ften gelece\u011fe uzanan bir k\u00f6pr\u00fc asl\u0131nda. Ge\u00e7mi\u015fin birikimleri ve gelece\u011fin teknolojilerini birle\u015ftirerek do\u011fru bir yolda, sa\u011flam ad\u0131mlar atarak hem kendimiz, hem de sekt\u00f6r\u00fcm\u00fcz i\u00e7in son derece yararl\u0131 faaliyetlerde bulunduk. Hal\u0131 Y\u0131kama sekt\u00f6r\u00fcn\u00fcn geli\u015fip b\u00fcy\u00fcmesinde pek \u00e7ok &#8220;ilk&#8221; le tan\u0131\u015ft\u0131rmada hep bizim ad\u0131m\u0131z an\u0131ld\u0131. \u00c7\u00fcnk\u00fc, Metin Hal\u0131 Y\u0131kama ailesine mensup olan herkes bu i\u015fey\u00fcre\u011fini koyarak \u00e7al\u0131\u015ft\u0131. Kalite bizim i\u00e7in bir gelenek, yenilik ise bir g\u00f6rev oldu her zaman i\u00e7in.<\/p>\n<p>Bug\u00fcn geldi\u011fimiz noktada,il\u00e7e s\u0131n\u0131rlar\u0131n\u0131 a\u015fan firmam\u0131z Sadece Ba\u015fak\u015fehir de \u00a0de\u011fil, \u0130stanbulun t\u00fcm il\u00e7elerin de tercih ediliyor. Hal\u0131 Y\u0131kamac\u0131l\u0131\u011f\u0131n a\u00e7\u0131lan bir y\u00fcz\u00fc olarak; hi\u00e7bir zaman kaliteden \u00f6d\u00fcn vermeden, teknoloji ve yenili\u011fi hep \u00f6n planda tutarak ve m\u00fc\u015fterilerimizin ihtiya\u00e7lar\u0131na y\u00f6nelik \u00e7\u00f6z\u00fcmler geli\u015ftirerek \u00e7al\u0131\u015fmay\u0131 ilke edindik.<\/p>\n<p>Bug\u00fcnlere kadar gelen ve gelecekte de devam edecek bu yolculukta bize e\u015flik eden t\u00fcm \u00e7al\u0131\u015fanlar\u0131m\u0131za, tedarik\u00e7ilerimize ve m\u00fc\u015fterilerimize te\u015fekk\u00fcr\u00fc bir bor\u00e7 biliyor, gelecekte ba\u015far\u0131larla dolu g\u00fczel g\u00fcnleri payla\u015fmaya devam edece\u011fimize y\u00fcrekten inan\u0131yoruz.<\/p>\n<p>Metin Hal\u0131 Y\u0131kama fabrikalar\u0131 ile i\u00e7iniz rahat olsun. Sizin \u0130\u00e7in \u00c7al\u0131\u015f\u0131yoruz.<\/p>\n<p>&nbsp;<\/p>\n<p>&nbsp;<\/p>\n","protected":false},"excerpt":{"rendered":"<p>2000 y\u0131l\u0131nda Ba\u015fak\u015fehirde ba\u015flayan yolculu\u011fumuz \u00a0tam 15 y\u0131ld\u0131r hi\u00e7 durmadan ve her ge\u00e7en g\u00fcn geli\u015ferek devam ediyor. Metin Hal\u0131 Y\u0131kama olarak, 15 y\u0131l\u0131 geride b\u0131rakman\u0131n mutlulu\u011fu ve heyecan\u0131 i\u00e7indeyiz. 15 y\u0131lda kat etti\u011fimiz yola bakt\u0131\u011f\u0131m\u0131zda, gurur verici bir tablo \u00e7\u0131k\u0131yor kar\u015f\u0131m\u0131za. Bu \u00e7at\u0131 alt\u0131nda \u00e7al\u0131\u015fan her bireyin azmi, \u00e7al\u0131\u015fma a\u015fk\u0131 ve eme\u011fiyle bug\u00fcnlere kadar gelen30<\/p>\n","protected":false},"author":1,"featured_media":0,"parent":0,"menu_order":0,"comment_status":"closed","ping_status":"closed","template":"page-fullwidth.php","meta":{"spay_email":"","footnotes":""},"class_list":["post-5","page","type-page","status-publish","hentry"],"_links":{"self":[{"href":"https:\/\/metinhaliyikama.net\/index.php\/wp-json\/wp\/v2\/pages\/5","targetHints":{"allow":["GET"]}}],"collection":[{"href":"https:\/\/metinhaliyikama.net\/index.php\/wp-json\/wp\/v2\/pages"}],"about":[{"href":"https:\/\/metinhaliyikama.net\/index.php\/wp-json\/wp\/v2\/types\/page"}],"author":[{"embeddable":true,"href":"https:\/\/metinhaliyikama.net\/index.php\/wp-json\/wp\/v2\/users\/1"}],"replies":[{"embeddable":true,"href":"https:\/\/metinhaliyikama.net\/index.php\/wp-json\/wp\/v2\/comments?post=5"}],"version-history":[{"count":5,"href":"https:\/\/metinhaliyikama.net\/index.php\/wp-json\/wp\/v2\/pages\/5\/revisions"}],"predecessor-version":[{"id":34,"href":"https:\/\/metinhaliyikama.net\/index.php\/wp-json\/wp\/v2\/pages\/5\/revisions\/34"}],"wp:attachment":[{"href":"https:\/\/metinhaliyikama.net\/index.php\/wp-json\/wp\/v2\/media?parent=5"}],"curies":[{"name":"wp","href":"https:\/\/api.w.org\/{rel}","templated":true}]}}